{"id":1204,"date":"2024-10-23T12:36:37","date_gmt":"2024-10-23T12:36:37","guid":{"rendered":"https:\/\/etter-abrasives.ch\/?page_id=1204"},"modified":"2025-07-10T11:55:14","modified_gmt":"2025-07-10T11:55:14","slug":"hermes","status":"publish","type":"page","link":"https:\/\/etter-abrasives.ch\/it\/hermes\/","title":{"rendered":"Hermes"},"content":{"rendered":"<div data-elementor-type=\"wp-page\" data-elementor-id=\"1204\" class=\"elementor elementor-1204\" data-elementor-post-type=\"page\">\n\t\t\t\t\t\t<section class=\"elementor-section elementor-top-section elementor-element elementor-element-7048f8f6 elementor-section-boxed elementor-section-height-default elementor-section-height-default\" data-id=\"7048f8f6\" data-element_type=\"section\" data-e-type=\"section\" data-settings=\"{&quot;background_background&quot;:&quot;classic&quot;}\">\n\t\t\t\t\t\t\t<div class=\"elementor-background-overlay\"><\/div>\n\t\t\t\t\t\t\t<div class=\"elementor-container elementor-column-gap-default\">\n\t\t\t\t\t<div class=\"elementor-column elementor-col-100 elementor-top-column elementor-element elementor-element-56b84750\" data-id=\"56b84750\" data-element_type=\"column\" data-e-type=\"column\">\n\t\t\t<div class=\"elementor-widget-wrap elementor-element-populated\">\n\t\t\t\t\t\t<div class=\"elementor-element elementor-element-1933e2dd elementor-widget elementor-widget-heading\" data-id=\"1933e2dd\" data-element_type=\"widget\" data-e-type=\"widget\" data-widget_type=\"heading.default\">\n\t\t\t\t<div class=\"elementor-widget-container\">\n\t\t\t\t\t<h1 class=\"elementor-heading-title elementor-size-default\">Hermes<\/h1>\t\t\t\t<\/div>\n\t\t\t\t<\/div>\n\t\t\t\t\t<\/div>\n\t\t<\/div>\n\t\t\t\t\t<\/div>\n\t\t<\/section>\n\t\t\t\t<section class=\"elementor-section elementor-top-section elementor-element elementor-element-71a9f6a8 elementor-section-boxed elementor-section-height-default elementor-section-height-default\" data-id=\"71a9f6a8\" data-element_type=\"section\" data-e-type=\"section\">\n\t\t\t\t\t\t<div class=\"elementor-container elementor-column-gap-no\">\n\t\t\t\t\t<div class=\"elementor-column elementor-col-50 elementor-top-column elementor-element elementor-element-1ac1bbc5\" data-id=\"1ac1bbc5\" data-element_type=\"column\" data-e-type=\"column\">\n\t\t\t<div class=\"elementor-widget-wrap elementor-element-populated\">\n\t\t\t\t\t\t<div class=\"elementor-element elementor-element-4e32b4e8 elementor-widget elementor-widget-heading\" data-id=\"4e32b4e8\" data-element_type=\"widget\" data-e-type=\"widget\" data-widget_type=\"heading.default\">\n\t\t\t\t<div class=\"elementor-widget-container\">\n\t\t\t\t\t<h2 class=\"elementor-heading-title elementor-size-default\">Storia di Hermes<\/h2>\t\t\t\t<\/div>\n\t\t\t\t<\/div>\n\t\t\t\t<div class=\"elementor-element elementor-element-f6c8cc0 elementor-widget elementor-widget-image\" data-id=\"f6c8cc0\" data-element_type=\"widget\" data-e-type=\"widget\" data-widget_type=\"image.default\">\n\t\t\t\t<div class=\"elementor-widget-container\">\n\t\t\t\t\t\t\t\t\t\t\t\t\t\t\t<img fetchpriority=\"high\" decoding=\"async\" width=\"329\" height=\"454\" src=\"https:\/\/etter-abrasives.ch\/wp-content\/uploads\/2024\/10\/logo-hermes-vertikal___media_library_original_329_454.jpg\" class=\"attachment-large size-large wp-image-1025\" alt=\"\" srcset=\"https:\/\/etter-abrasives.ch\/wp-content\/uploads\/2024\/10\/logo-hermes-vertikal___media_library_original_329_454.jpg 329w, https:\/\/etter-abrasives.ch\/wp-content\/uploads\/2024\/10\/logo-hermes-vertikal___media_library_original_329_454-217x300.jpg 217w\" sizes=\"(max-width: 329px) 100vw, 329px\" \/>\t\t\t\t\t\t\t\t\t\t\t\t\t\t\t<\/div>\n\t\t\t\t<\/div>\n\t\t\t\t\t<\/div>\n\t\t<\/div>\n\t\t\t\t<div class=\"elementor-column elementor-col-50 elementor-top-column elementor-element elementor-element-79b68101\" data-id=\"79b68101\" data-element_type=\"column\" data-e-type=\"column\">\n\t\t\t<div class=\"elementor-widget-wrap elementor-element-populated\">\n\t\t\t\t\t\t<div class=\"elementor-element elementor-element-6300fc3 elementor-widget elementor-widget-text-editor\" data-id=\"6300fc3\" data-element_type=\"widget\" data-e-type=\"widget\" data-widget_type=\"text-editor.default\">\n\t\t\t\t<div class=\"elementor-widget-container\">\n\t\t\t\t\t\t\t\t\t<p>Ci\u00f2 che inizi\u00f2 nel 1993 con la riuscita certificazione del sistema di gestione della qualit\u00e0 Hermes secondo DIN EN ISO 9001 \u00e8 stato integrato nel 2002 con la gestione ambientale (DIN EN ISO 14001). Nel 2014 \u00e8 stata aggiunta la gestione dell\u2019energia (DIN EN ISO 50001) ed \u00e8 ora <strong>il nostro sistema di gestione integrato con validit\u00e0 mondiale. <\/strong><\/p>\t\t\t\t\t\t\t\t<\/div>\n\t\t\t\t<\/div>\n\t\t\t\t<div class=\"elementor-element elementor-element-a5bdb51 elementor-mobile-align-center elementor-widget elementor-widget-button\" data-id=\"a5bdb51\" data-element_type=\"widget\" data-e-type=\"widget\" data-widget_type=\"button.default\">\n\t\t\t\t<div class=\"elementor-widget-container\">\n\t\t\t\t\t\t\t\t\t<div class=\"elementor-button-wrapper\">\n\t\t\t\t\t<a class=\"elementor-button elementor-button-link elementor-size-sm\" href=\"https:\/\/www.hermes-schleifwerkzeuge.com\/service\/downloads\" target=\"_blank\">\n\t\t\t\t\t\t<span class=\"elementor-button-content-wrapper\">\n\t\t\t\t\t\t\t\t\t<span class=\"elementor-button-text\">Online<\/span>\n\t\t\t\t\t<\/span>\n\t\t\t\t\t<\/a>\n\t\t\t\t<\/div>\n\t\t\t\t\t\t\t\t<\/div>\n\t\t\t\t<\/div>\n\t\t\t\t\t<\/div>\n\t\t<\/div>\n\t\t\t\t\t<\/div>\n\t\t<\/section>\n\t\t<div class=\"elementor-element elementor-element-dd144bc e-flex e-con-boxed e-con e-parent\" data-id=\"dd144bc\" data-element_type=\"container\" data-e-type=\"container\">\n\t\t\t\t\t<div class=\"e-con-inner\">\n\t\t<div class=\"elementor-element elementor-element-fa33055 e-con-full e-flex e-con e-child\" data-id=\"fa33055\" data-element_type=\"container\" data-e-type=\"container\">\n\t\t\t\t<\/div>\n\t\t<div class=\"elementor-element elementor-element-d0b8743 e-con-full e-flex e-con e-child\" data-id=\"d0b8743\" data-element_type=\"container\" data-e-type=\"container\">\n\t\t\t\t<div class=\"elementor-element elementor-element-0d1c2e0 elementor-position-top elementor-widget elementor-widget-image-box\" data-id=\"0d1c2e0\" data-element_type=\"widget\" data-e-type=\"widget\" data-widget_type=\"image-box.default\">\n\t\t\t\t<div class=\"elementor-widget-container\">\n\t\t\t\t\t<div class=\"elementor-image-box-wrapper\"><figure class=\"elementor-image-box-img\"><img decoding=\"async\" width=\"344\" height=\"490\" src=\"https:\/\/etter-abrasives.ch\/wp-content\/uploads\/2024\/10\/rel-katalog___media_library_original_344_490.jpg\" class=\"attachment-full size-full wp-image-1009\" alt=\"\" srcset=\"https:\/\/etter-abrasives.ch\/wp-content\/uploads\/2024\/10\/rel-katalog___media_library_original_344_490.jpg 344w, https:\/\/etter-abrasives.ch\/wp-content\/uploads\/2024\/10\/rel-katalog___media_library_original_344_490-211x300.jpg 211w\" sizes=\"(max-width: 344px) 100vw, 344px\" \/><\/figure><div class=\"elementor-image-box-content\"><h3 class=\"elementor-image-box-title\">Catalogo REL<\/h3><\/div><\/div>\t\t\t\t<\/div>\n\t\t\t\t<\/div>\n\t\t\t\t<div class=\"elementor-element elementor-element-1415679 elementor-align-center elementor-widget__width-initial elementor-widget elementor-widget-button\" data-id=\"1415679\" data-element_type=\"widget\" data-e-type=\"widget\" data-widget_type=\"button.default\">\n\t\t\t\t<div class=\"elementor-widget-container\">\n\t\t\t\t\t\t\t\t\t<div class=\"elementor-button-wrapper\">\n\t\t\t\t\t<a class=\"elementor-button elementor-button-link elementor-size-sm\" href=\"https:\/\/etter-abrasives.ch\/wp-content\/uploads\/2024\/10\/zbmdUbSlkEWQ1CyMvtYWz3xcBPclx8LmvgRO29zR-1.pdf\" target=\"_blank\">\n\t\t\t\t\t\t<span class=\"elementor-button-content-wrapper\">\n\t\t\t\t\t\t\t\t\t<span class=\"elementor-button-text\">Scarica PDF<\/span>\n\t\t\t\t\t<\/span>\n\t\t\t\t\t<\/a>\n\t\t\t\t<\/div>\n\t\t\t\t\t\t\t\t<\/div>\n\t\t\t\t<\/div>\n\t\t\t\t<\/div>\n\t\t<div class=\"elementor-element elementor-element-aa1ca96 e-con-full e-flex e-con e-child\" data-id=\"aa1ca96\" data-element_type=\"container\" data-e-type=\"container\">\n\t\t\t\t<div class=\"elementor-element elementor-element-26970d3 elementor-position-top elementor-widget elementor-widget-image-box\" data-id=\"26970d3\" data-element_type=\"widget\" data-e-type=\"widget\" data-widget_type=\"image-box.default\">\n\t\t\t\t<div class=\"elementor-widget-container\">\n\t\t\t\t\t<div class=\"elementor-image-box-wrapper\"><figure class=\"elementor-image-box-img\"><img decoding=\"async\" width=\"329\" height=\"454\" src=\"https:\/\/etter-abrasives.ch\/wp-content\/uploads\/2024\/10\/logo-hermes-vertikal___media_library_original_329_454.jpg\" class=\"attachment-full size-full wp-image-1025\" alt=\"\" srcset=\"https:\/\/etter-abrasives.ch\/wp-content\/uploads\/2024\/10\/logo-hermes-vertikal___media_library_original_329_454.jpg 329w, https:\/\/etter-abrasives.ch\/wp-content\/uploads\/2024\/10\/logo-hermes-vertikal___media_library_original_329_454-217x300.jpg 217w\" sizes=\"(max-width: 329px) 100vw, 329px\" \/><\/figure><div class=\"elementor-image-box-content\"><h3 class=\"elementor-image-box-title\">Volantino prodotto Hermes<\/h3><\/div><\/div>\t\t\t\t<\/div>\n\t\t\t\t<\/div>\n\t\t\t\t<div class=\"elementor-element elementor-element-75a675f elementor-align-center elementor-widget__width-initial elementor-widget elementor-widget-button\" data-id=\"75a675f\" data-element_type=\"widget\" data-e-type=\"widget\" data-widget_type=\"button.default\">\n\t\t\t\t<div class=\"elementor-widget-container\">\n\t\t\t\t\t\t\t\t\t<div class=\"elementor-button-wrapper\">\n\t\t\t\t\t<a class=\"elementor-button elementor-button-link elementor-size-sm\" href=\"https:\/\/www.hermes-schleifwerkzeuge.com\/service\/downloads\" target=\"_blank\">\n\t\t\t\t\t\t<span class=\"elementor-button-content-wrapper\">\n\t\t\t\t\t\t\t\t\t<span class=\"elementor-button-text\">\u200eH\u200eerme\u200es\u200e&nbsp;<\/span>\n\t\t\t\t\t<\/span>\n\t\t\t\t\t<\/a>\n\t\t\t\t<\/div>\n\t\t\t\t\t\t\t\t<\/div>\n\t\t\t\t<\/div>\n\t\t\t\t<\/div>\n\t\t<div class=\"elementor-element elementor-element-9267709 e-con-full e-flex e-con e-child\" data-id=\"9267709\" data-element_type=\"container\" data-e-type=\"container\">\n\t\t\t\t<\/div>\n\t\t\t\t\t<\/div>\n\t\t\t\t<\/div>\n\t\t\t\t<section class=\"elementor-section elementor-top-section elementor-element elementor-element-457a968e elementor-section-content-middle elementor-section-boxed elementor-section-height-default elementor-section-height-default\" data-id=\"457a968e\" data-element_type=\"section\" data-e-type=\"section\" data-settings=\"{&quot;background_background&quot;:&quot;classic&quot;}\">\n\t\t\t\t\t\t\t<div class=\"elementor-background-overlay\"><\/div>\n\t\t\t\t\t\t\t<div class=\"elementor-container elementor-column-gap-no\">\n\t\t\t\t\t<div class=\"elementor-column elementor-col-100 elementor-top-column elementor-element elementor-element-ff8ed21\" data-id=\"ff8ed21\" data-element_type=\"column\" data-e-type=\"column\">\n\t\t\t<div class=\"elementor-widget-wrap elementor-element-populated\">\n\t\t\t\t\t\t<div class=\"elementor-element elementor-element-57db18e elementor-widget elementor-widget-heading\" data-id=\"57db18e\" data-element_type=\"widget\" data-e-type=\"widget\" data-widget_type=\"heading.default\">\n\t\t\t\t<div class=\"elementor-widget-container\">\n\t\t\t\t\t<h2 class=\"elementor-heading-title elementor-size-default\">Responsabilit\u00e0: Essenziale<\/h2>\t\t\t\t<\/div>\n\t\t\t\t<\/div>\n\t\t\t\t<div class=\"elementor-element elementor-element-978fc14 elementor-widget elementor-widget-text-editor\" data-id=\"978fc14\" data-element_type=\"widget\" data-e-type=\"widget\" data-widget_type=\"text-editor.default\">\n\t\t\t\t<div class=\"elementor-widget-container\">\n\t\t\t\t\t\t\t\t\t<p>La gestione sostenibile e la responsabilit\u00e0 nei confronti dell\u2019ambiente e della societ\u00e0 sono sempre stati componenti centrali della nostra strategia aziendale. In qualit\u00e0 di cofondatori di SEAM, il programma di sostenibilit\u00e0 certificato dall\u2019Unione Europea per l\u2019industria europea degli abrasivi, abbiamo posto questo tema al centro dell\u2019attenzione per l\u2019intero settore.<\/p>\t\t\t\t\t\t\t\t<\/div>\n\t\t\t\t<\/div>\n\t\t\t\t\t<\/div>\n\t\t<\/div>\n\t\t\t\t\t<\/div>\n\t\t<\/section>\n\t\t<div class=\"elementor-element elementor-element-9d18e98 e-flex e-con-boxed e-con e-parent\" data-id=\"9d18e98\" data-element_type=\"container\" data-e-type=\"container\">\n\t\t\t\t\t<div class=\"e-con-inner\">\n\t\t\t\t<div class=\"elementor-element elementor-element-d3e37fa elementor-widget elementor-widget-spacer\" data-id=\"d3e37fa\" data-element_type=\"widget\" data-e-type=\"widget\" data-widget_type=\"spacer.default\">\n\t\t\t\t<div class=\"elementor-widget-container\">\n\t\t\t\t\t\t\t<div class=\"elementor-spacer\">\n\t\t\t<div class=\"elementor-spacer-inner\"><\/div>\n\t\t<\/div>\n\t\t\t\t\t\t<\/div>\n\t\t\t\t<\/div>\n\t\t\t\t\t<\/div>\n\t\t\t\t<\/div>\n\t\t\t\t<\/div>","protected":false},"excerpt":{"rendered":"<p>Hermes Geschichte Was 1993 mit der erfolgreichen Zertifizierung des Hermes Qualit\u00e4tsmanagements nach DIN EN ISO 9001 begann, wurde 2002 um [&hellip;]<\/p>\n","protected":false},"author":1,"featured_media":0,"parent":0,"menu_order":0,"comment_status":"closed","ping_status":"closed","template":"","meta":{"_monsterinsights_skip_tracking":false,"_monsterinsights_sitenote_active":false,"_monsterinsights_sitenote_note":"","_monsterinsights_sitenote_category":0,"_uf_show_specific_survey":0,"_uf_disable_surveys":false,"site-sidebar-layout":"no-sidebar","site-content-layout":"","ast-site-content-layout":"full-width-container","site-content-style":"default","site-sidebar-style":"default","ast-global-header-display":"disabled","ast-banner-title-visibility":"","ast-main-header-display":"","ast-hfb-above-header-display":"","ast-hfb-below-header-display":"","ast-hfb-mobile-header-display":"","site-post-title":"disabled","ast-breadcrumbs-content":"","ast-featured-img":"disabled","footer-sml-layout":"disabled","ast-disable-related-posts":"","theme-transparent-header-meta":"","adv-header-id-meta":"","stick-header-meta":"","header-above-stick-meta":"","header-main-stick-meta":"","header-below-stick-meta":"","astra-migrate-meta-layouts":"default","ast-page-background-enabled":"default","ast-page-background-meta":{"desktop":{"background-color":"var(--ast-global-color-4)","background-image":"","background-repeat":"repeat","background-position":"center center","background-size":"auto","background-attachment":"scroll","background-type":"","background-media":"","overlay-type":"","overlay-color":"","overlay-opacity":"","overlay-gradient":""},"tablet":{"background-color":"","background-image":"","background-repeat":"repeat","background-position":"center center","background-size":"auto","background-attachment":"scroll","background-type":"","background-media":"","overlay-type":"","overlay-color":"","overlay-opacity":"","overlay-gradient":""},"mobile":{"background-color":"","background-image":"","background-repeat":"repeat","background-position":"center center","background-size":"auto","background-attachment":"scroll","background-type":"","background-media":"","overlay-type":"","overlay-color":"","overlay-opacity":"","overlay-gradient":""}},"ast-content-background-meta":{"desktop":{"background-color":"var(--ast-global-color-5)","background-image":"","background-repeat":"repeat","background-position":"center center","background-size":"auto","background-attachment":"scroll","background-type":"","background-media":"","overlay-type":"","overlay-color":"","overlay-opacity":"","overlay-gradient":""},"tablet":{"background-color":"var(--ast-global-color-5)","background-image":"","background-repeat":"repeat","background-position":"center center","background-size":"auto","background-attachment":"scroll","background-type":"","background-media":"","overlay-type":"","overlay-color":"","overlay-opacity":"","overlay-gradient":""},"mobile":{"background-color":"var(--ast-global-color-5)","background-image":"","background-repeat":"repeat","background-position":"center center","background-size":"auto","background-attachment":"scroll","background-type":"","background-media":"","overlay-type":"","overlay-color":"","overlay-opacity":"","overlay-gradient":""}},"footnotes":""},"class_list":["post-1204","page","type-page","status-publish","hentry"],"aioseo_notices":[],"_links":{"self":[{"href":"https:\/\/etter-abrasives.ch\/it\/wp-json\/wp\/v2\/pages\/1204","targetHints":{"allow":["GET"]}}],"collection":[{"href":"https:\/\/etter-abrasives.ch\/it\/wp-json\/wp\/v2\/pages"}],"about":[{"href":"https:\/\/etter-abrasives.ch\/it\/wp-json\/wp\/v2\/types\/page"}],"author":[{"embeddable":true,"href":"https:\/\/etter-abrasives.ch\/it\/wp-json\/wp\/v2\/users\/1"}],"replies":[{"embeddable":true,"href":"https:\/\/etter-abrasives.ch\/it\/wp-json\/wp\/v2\/comments?post=1204"}],"version-history":[{"count":19,"href":"https:\/\/etter-abrasives.ch\/it\/wp-json\/wp\/v2\/pages\/1204\/revisions"}],"predecessor-version":[{"id":1510,"href":"https:\/\/etter-abrasives.ch\/it\/wp-json\/wp\/v2\/pages\/1204\/revisions\/1510"}],"wp:attachment":[{"href":"https:\/\/etter-abrasives.ch\/it\/wp-json\/wp\/v2\/media?parent=1204"}],"curies":[{"name":"wp","href":"https:\/\/api.w.org\/{rel}","templated":true}]}}