{"id":1194,"date":"2024-10-23T11:33:28","date_gmt":"2024-10-23T11:33:28","guid":{"rendered":"https:\/\/etter-abrasives.ch\/?page_id=1194"},"modified":"2025-10-27T13:45:17","modified_gmt":"2025-10-27T13:45:17","slug":"3m-premiumpartner","status":"publish","type":"page","link":"https:\/\/etter-abrasives.ch\/it\/3m-premiumpartner\/","title":{"rendered":"3M Premiumpartner"},"content":{"rendered":"<div data-elementor-type=\"wp-page\" data-elementor-id=\"1194\" class=\"elementor elementor-1194\" data-elementor-post-type=\"page\">\n\t\t\t\t\t\t<section class=\"elementor-section elementor-top-section elementor-element elementor-element-7048f8f6 elementor-section-boxed elementor-section-height-default elementor-section-height-default\" data-id=\"7048f8f6\" data-element_type=\"section\" data-e-type=\"section\" data-settings=\"{&quot;background_background&quot;:&quot;classic&quot;}\">\n\t\t\t\t\t\t\t<div class=\"elementor-background-overlay\"><\/div>\n\t\t\t\t\t\t\t<div class=\"elementor-container elementor-column-gap-default\">\n\t\t\t\t\t<div class=\"elementor-column elementor-col-100 elementor-top-column elementor-element elementor-element-56b84750\" data-id=\"56b84750\" data-element_type=\"column\" data-e-type=\"column\">\n\t\t\t<div class=\"elementor-widget-wrap elementor-element-populated\">\n\t\t\t\t\t\t<div class=\"elementor-element elementor-element-1933e2dd elementor-widget elementor-widget-heading\" data-id=\"1933e2dd\" data-element_type=\"widget\" data-e-type=\"widget\" data-widget_type=\"heading.default\">\n\t\t\t\t<div class=\"elementor-widget-container\">\n\t\t\t\t\t<h1 class=\"elementor-heading-title elementor-size-default\">3M Premiumpartner<\/h1>\t\t\t\t<\/div>\n\t\t\t\t<\/div>\n\t\t\t\t\t<\/div>\n\t\t<\/div>\n\t\t\t\t\t<\/div>\n\t\t<\/section>\n\t\t\t\t<section class=\"elementor-section elementor-top-section elementor-element elementor-element-71a9f6a8 elementor-section-boxed elementor-section-height-default elementor-section-height-default\" data-id=\"71a9f6a8\" data-element_type=\"section\" data-e-type=\"section\">\n\t\t\t\t\t\t<div class=\"elementor-container elementor-column-gap-no\">\n\t\t\t\t\t<div class=\"elementor-column elementor-col-50 elementor-top-column elementor-element elementor-element-1ac1bbc5\" data-id=\"1ac1bbc5\" data-element_type=\"column\" data-e-type=\"column\">\n\t\t\t<div class=\"elementor-widget-wrap elementor-element-populated\">\n\t\t\t\t\t\t<div class=\"elementor-element elementor-element-4e32b4e8 elementor-widget elementor-widget-heading\" data-id=\"4e32b4e8\" data-element_type=\"widget\" data-e-type=\"widget\" data-widget_type=\"heading.default\">\n\t\t\t\t<div class=\"elementor-widget-container\">\n\t\t\t\t\t<h2 class=\"elementor-heading-title elementor-size-default\">Storia di 3M<\/h2>\t\t\t\t<\/div>\n\t\t\t\t<\/div>\n\t\t\t\t<div class=\"elementor-element elementor-element-f6c8cc0 elementor-widget elementor-widget-image\" data-id=\"f6c8cc0\" data-element_type=\"widget\" data-e-type=\"widget\" data-widget_type=\"image.default\">\n\t\t\t\t<div class=\"elementor-widget-container\">\n\t\t\t\t\t\t\t\t\t\t\t\t\t\t\t<img fetchpriority=\"high\" decoding=\"async\" width=\"1024\" height=\"538\" src=\"https:\/\/etter-abrasives.ch\/wp-content\/uploads\/2025\/07\/Trifecta_3M_001_Logo_CMYK.eps_-1024x538.jpg\" class=\"attachment-large size-large wp-image-1512\" alt=\"\" srcset=\"https:\/\/etter-abrasives.ch\/wp-content\/uploads\/2025\/07\/Trifecta_3M_001_Logo_CMYK.eps_-1024x538.jpg 1024w, https:\/\/etter-abrasives.ch\/wp-content\/uploads\/2025\/07\/Trifecta_3M_001_Logo_CMYK.eps_-300x158.jpg 300w, https:\/\/etter-abrasives.ch\/wp-content\/uploads\/2025\/07\/Trifecta_3M_001_Logo_CMYK.eps_-768x403.jpg 768w, https:\/\/etter-abrasives.ch\/wp-content\/uploads\/2025\/07\/Trifecta_3M_001_Logo_CMYK.eps_-1536x807.jpg 1536w, https:\/\/etter-abrasives.ch\/wp-content\/uploads\/2025\/07\/Trifecta_3M_001_Logo_CMYK.eps_-2048x1076.jpg 2048w\" sizes=\"(max-width: 1024px) 100vw, 1024px\" \/>\t\t\t\t\t\t\t\t\t\t\t\t\t\t\t<\/div>\n\t\t\t\t<\/div>\n\t\t\t\t\t<\/div>\n\t\t<\/div>\n\t\t\t\t<div class=\"elementor-column elementor-col-50 elementor-top-column elementor-element elementor-element-79b68101\" data-id=\"79b68101\" data-element_type=\"column\" data-e-type=\"column\">\n\t\t\t<div class=\"elementor-widget-wrap elementor-element-populated\">\n\t\t\t\t\t\t<div class=\"elementor-element elementor-element-7664c04a elementor-widget__width-initial elementor-widget elementor-widget-heading\" data-id=\"7664c04a\" data-element_type=\"widget\" data-e-type=\"widget\" data-widget_type=\"heading.default\">\n\t\t\t\t<div class=\"elementor-widget-container\">\n\t\t\t\t\t<p class=\"elementor-heading-title elementor-size-default\">Qui, la nostra storia ispira il vostro futuro.\nPi\u00f9 di un secolo fa, 3M inizi\u00f2 come una piccola azienda mineraria nel nord del Minnesota, allora conosciuta come Minnesota Mining and Manufacturing Company. Oggi siamo una potenza globale i cui prodotti migliorano la vita quotidiana delle persone in tutto il mondo.\nMa il nostro successo e la nostra longevit\u00e0 non erano evidenti fin dall\u2019inizio. Abbiamo provato. Abbiamo fallito. Abbiamo provato qualcosa di nuovo. Abbiamo ripetuto il ciclo. Innovazione e perseveranza erano le forze trainanti dei nostri fondatori e rimangono tuttora le forze trainanti dei dipendenti 3M.<\/p>\t\t\t\t<\/div>\n\t\t\t\t<\/div>\n\t\t\t\t<div class=\"elementor-element elementor-element-025bf6d elementor-widget elementor-widget-button\" data-id=\"025bf6d\" data-element_type=\"widget\" data-e-type=\"widget\" data-widget_type=\"button.default\">\n\t\t\t\t<div class=\"elementor-widget-container\">\n\t\t\t\t\t\t\t\t\t<div class=\"elementor-button-wrapper\">\n\t\t\t\t\t<a class=\"elementor-button elementor-button-link elementor-size-sm\" href=\"https:\/\/www.3m.com\/3M\/en_US\/p\/\" target=\"_blank\">\n\t\t\t\t\t\t<span class=\"elementor-button-content-wrapper\">\n\t\t\t\t\t\t\t\t\t<span class=\"elementor-button-text\">Online<\/span>\n\t\t\t\t\t<\/span>\n\t\t\t\t\t<\/a>\n\t\t\t\t<\/div>\n\t\t\t\t\t\t\t\t<\/div>\n\t\t\t\t<\/div>\n\t\t\t\t\t<\/div>\n\t\t<\/div>\n\t\t\t\t\t<\/div>\n\t\t<\/section>\n\t\t\t\t<section class=\"elementor-section elementor-top-section elementor-element elementor-element-457a968e elementor-section-content-middle elementor-section-boxed elementor-section-height-default elementor-section-height-default\" data-id=\"457a968e\" data-element_type=\"section\" data-e-type=\"section\" data-settings=\"{&quot;background_background&quot;:&quot;classic&quot;}\">\n\t\t\t\t\t\t\t<div class=\"elementor-background-overlay\"><\/div>\n\t\t\t\t\t\t\t<div class=\"elementor-container elementor-column-gap-no\">\n\t\t\t\t\t<div class=\"elementor-column elementor-col-100 elementor-top-column elementor-element elementor-element-ff8ed21\" data-id=\"ff8ed21\" data-element_type=\"column\" data-e-type=\"column\">\n\t\t\t<div class=\"elementor-widget-wrap elementor-element-populated\">\n\t\t\t\t\t\t<div class=\"elementor-element elementor-element-57db18e elementor-widget elementor-widget-heading\" data-id=\"57db18e\" data-element_type=\"widget\" data-e-type=\"widget\" data-widget_type=\"heading.default\">\n\t\t\t\t<div class=\"elementor-widget-container\">\n\t\t\t\t\t<h2 class=\"elementor-heading-title elementor-size-default\">Da umili inizi al Fortune 500<\/h2>\t\t\t\t<\/div>\n\t\t\t\t<\/div>\n\t\t\t\t<div class=\"elementor-element elementor-element-978fc14 elementor-widget elementor-widget-text-editor\" data-id=\"978fc14\" data-element_type=\"widget\" data-e-type=\"widget\" data-widget_type=\"text-editor.default\">\n\t\t\t\t<div class=\"elementor-widget-container\">\n\t\t\t\t\t\t\t\t\t<p><b><em>3M<\/em><\/b> utilizza la scienza e l\u2019innovazione per avere un reale impatto, promuovendo il progresso e ispirando innovazioni nella vita e nelle comunit\u00e0 di tutto il mondo.<\/p><p>Quando 3M \u00e8 stata fondata nel 1902, i nostri cinque fondatori avevano un obiettivo semplice: estrarre il corindone, un minerale ideale per produrre carta vetrata e dischi abrasivi. Si scopr\u00ec che ci\u00f2 che credevano essere corindone era in realt\u00e0 un altro minerale inferiore chiamato anortosite.<\/p><p>La scoperta del minerale di qualit\u00e0 inferiore avrebbe potuto significare la fine prematura della nostra giovane azienda, ma i nostri fondatori rimasero tenaci. E perch\u00e9? Perch\u00e9 in quell\u2019anno iniziale nacque qualcosa di molto pi\u00f9 importante: lo spirito di innovazione e collaborazione che oggi costituisce la base di 3M. Invece di arrenderci, ci rivolgemmo ad altri materiali, li applicammo ad altri prodotti, guadagnammo la fiducia di investitori chiave e aumentammo gradualmente il fatturato.<\/p><p>Le innovazioni scientifiche, tecniche e di marketing hanno portato, nel corso degli anni, a successi uno dopo l\u2019altro, rendendo infine 3M un attore importante nel <a href=\"http:\/\/fortune.com\/fortune500\/3m\/\">Elenco Fortune 500<\/a>. Oggi pi\u00f9 di 60.000 prodotti 3M sono utilizzati nelle case, nelle aziende, nelle scuole, negli ospedali e in altri settori. Un terzo del nostro fatturato deriva da prodotti inventati negli ultimi cinque anni, grazie alle innovazioni di migliaia di ricercatori e scienziati che impieghiamo in tutto il mondo.<\/p><p>Con filiali in 70 paesi e vendite in 200 paesi, ci impegniamo a sviluppare tecnologie e prodotti che fanno progredire ogni azienda, migliorano ogni casa e migliorano ogni vita.<\/p>\t\t\t\t\t\t\t\t<\/div>\n\t\t\t\t<\/div>\n\t\t\t\t\t<\/div>\n\t\t<\/div>\n\t\t\t\t\t<\/div>\n\t\t<\/section>\n\t\t<div class=\"elementor-element elementor-element-9d18e98 e-flex e-con-boxed e-con e-parent\" data-id=\"9d18e98\" data-element_type=\"container\" data-e-type=\"container\">\n\t\t\t\t\t<div class=\"e-con-inner\">\n\t\t\t\t<div class=\"elementor-element elementor-element-d3e37fa elementor-widget elementor-widget-spacer\" data-id=\"d3e37fa\" data-element_type=\"widget\" data-e-type=\"widget\" data-widget_type=\"spacer.default\">\n\t\t\t\t<div class=\"elementor-widget-container\">\n\t\t\t\t\t\t\t<div class=\"elementor-spacer\">\n\t\t\t<div class=\"elementor-spacer-inner\"><\/div>\n\t\t<\/div>\n\t\t\t\t\t\t<\/div>\n\t\t\t\t<\/div>\n\t\t\t\t\t<\/div>\n\t\t\t\t<\/div>\n\t\t\t\t<\/div>","protected":false},"excerpt":{"rendered":"<p>3M Geschichte Hier inspiriert unsere Geschichte Ihre Zukunft. Vor mehr als einem Jahrhundert begann 3M als kleines Bergbauunternehmen im Norden [&hellip;]<\/p>\n","protected":false},"author":1,"featured_media":0,"parent":0,"menu_order":0,"comment_status":"closed","ping_status":"closed","template":"","meta":{"_monsterinsights_skip_tracking":false,"_monsterinsights_sitenote_active":false,"_monsterinsights_sitenote_note":"","_monsterinsights_sitenote_category":0,"_uf_show_specific_survey":0,"_uf_disable_surveys":false,"site-sidebar-layout":"no-sidebar","site-content-layout":"","ast-site-content-layout":"full-width-container","site-content-style":"default","site-sidebar-style":"default","ast-global-header-display":"disabled","ast-banner-title-visibility":"","ast-main-header-display":"","ast-hfb-above-header-display":"","ast-hfb-below-header-display":"","ast-hfb-mobile-header-display":"","site-post-title":"disabled","ast-breadcrumbs-content":"","ast-featured-img":"disabled","footer-sml-layout":"disabled","ast-disable-related-posts":"","theme-transparent-header-meta":"","adv-header-id-meta":"","stick-header-meta":"","header-above-stick-meta":"","header-main-stick-meta":"","header-below-stick-meta":"","astra-migrate-meta-layouts":"default","ast-page-background-enabled":"default","ast-page-background-meta":{"desktop":{"background-color":"var(--ast-global-color-4)","background-image":"","background-repeat":"repeat","background-position":"center center","background-size":"auto","background-attachment":"scroll","background-type":"","background-media":"","overlay-type":"","overlay-color":"","overlay-opacity":"","overlay-gradient":""},"tablet":{"background-color":"","background-image":"","background-repeat":"repeat","background-position":"center center","background-size":"auto","background-attachment":"scroll","background-type":"","background-media":"","overlay-type":"","overlay-color":"","overlay-opacity":"","overlay-gradient":""},"mobile":{"background-color":"","background-image":"","background-repeat":"repeat","background-position":"center center","background-size":"auto","background-attachment":"scroll","background-type":"","background-media":"","overlay-type":"","overlay-color":"","overlay-opacity":"","overlay-gradient":""}},"ast-content-background-meta":{"desktop":{"background-color":"var(--ast-global-color-5)","background-image":"","background-repeat":"repeat","background-position":"center center","background-size":"auto","background-attachment":"scroll","background-type":"","background-media":"","overlay-type":"","overlay-color":"","overlay-opacity":"","overlay-gradient":""},"tablet":{"background-color":"var(--ast-global-color-5)","background-image":"","background-repeat":"repeat","background-position":"center center","background-size":"auto","background-attachment":"scroll","background-type":"","background-media":"","overlay-type":"","overlay-color":"","overlay-opacity":"","overlay-gradient":""},"mobile":{"background-color":"var(--ast-global-color-5)","background-image":"","background-repeat":"repeat","background-position":"center center","background-size":"auto","background-attachment":"scroll","background-type":"","background-media":"","overlay-type":"","overlay-color":"","overlay-opacity":"","overlay-gradient":""}},"footnotes":""},"class_list":["post-1194","page","type-page","status-publish","hentry"],"aioseo_notices":[],"_links":{"self":[{"href":"https:\/\/etter-abrasives.ch\/it\/wp-json\/wp\/v2\/pages\/1194","targetHints":{"allow":["GET"]}}],"collection":[{"href":"https:\/\/etter-abrasives.ch\/it\/wp-json\/wp\/v2\/pages"}],"about":[{"href":"https:\/\/etter-abrasives.ch\/it\/wp-json\/wp\/v2\/types\/page"}],"author":[{"embeddable":true,"href":"https:\/\/etter-abrasives.ch\/it\/wp-json\/wp\/v2\/users\/1"}],"replies":[{"embeddable":true,"href":"https:\/\/etter-abrasives.ch\/it\/wp-json\/wp\/v2\/comments?post=1194"}],"version-history":[{"count":19,"href":"https:\/\/etter-abrasives.ch\/it\/wp-json\/wp\/v2\/pages\/1194\/revisions"}],"predecessor-version":[{"id":1555,"href":"https:\/\/etter-abrasives.ch\/it\/wp-json\/wp\/v2\/pages\/1194\/revisions\/1555"}],"wp:attachment":[{"href":"https:\/\/etter-abrasives.ch\/it\/wp-json\/wp\/v2\/media?parent=1194"}],"curies":[{"name":"wp","href":"https:\/\/api.w.org\/{rel}","templated":true}]}}