{"id":258,"date":"2024-10-16T08:01:37","date_gmt":"2024-10-16T08:01:37","guid":{"rendered":"https:\/\/etter-abrasives.ch\/?page_id=258"},"modified":"2025-10-27T14:57:48","modified_gmt":"2025-10-27T14:57:48","slug":"dekoration","status":"publish","type":"page","link":"https:\/\/etter-abrasives.ch\/fr\/dekoration\/","title":{"rendered":"D\u00e9coration"},"content":{"rendered":"<div data-elementor-type=\"wp-page\" data-elementor-id=\"258\" class=\"elementor elementor-258\" data-elementor-post-type=\"page\">\n\t\t\t\t\t\t<section class=\"elementor-section elementor-top-section elementor-element elementor-element-3712203a elementor-section-boxed elementor-section-height-default elementor-section-height-default\" data-id=\"3712203a\" data-element_type=\"section\" data-e-type=\"section\" data-settings=\"{&quot;background_background&quot;:&quot;classic&quot;}\">\n\t\t\t\t\t\t\t<div class=\"elementor-background-overlay\"><\/div>\n\t\t\t\t\t\t\t<div class=\"elementor-container elementor-column-gap-default\">\n\t\t\t\t\t<div class=\"elementor-column elementor-col-100 elementor-top-column elementor-element elementor-element-aa39c48\" data-id=\"aa39c48\" data-element_type=\"column\" data-e-type=\"column\">\n\t\t\t<div class=\"elementor-widget-wrap elementor-element-populated\">\n\t\t\t\t\t\t<div class=\"elementor-element elementor-element-39af5b3 elementor-widget elementor-widget-heading\" data-id=\"39af5b3\" data-element_type=\"widget\" data-e-type=\"widget\" data-widget_type=\"heading.default\">\n\t\t\t\t<div class=\"elementor-widget-container\">\n\t\t\t\t\t<h1 class=\"elementor-heading-title elementor-size-default\">D\u00e9coration<\/h1>\t\t\t\t<\/div>\n\t\t\t\t<\/div>\n\t\t\t\t\t<\/div>\n\t\t<\/div>\n\t\t\t\t\t<\/div>\n\t\t<\/section>\n\t\t\t\t<section class=\"elementor-section elementor-top-section elementor-element elementor-element-1d304141 elementor-section-content-middle elementor-section-boxed elementor-section-height-default elementor-section-height-default\" data-id=\"1d304141\" data-element_type=\"section\" data-e-type=\"section\">\n\t\t\t\t\t\t<div class=\"elementor-container elementor-column-gap-no\">\n\t\t\t\t\t<div class=\"elementor-column elementor-col-100 elementor-top-column elementor-element elementor-element-ac35be\" data-id=\"ac35be\" data-element_type=\"column\" data-e-type=\"column\">\n\t\t\t<div class=\"elementor-widget-wrap elementor-element-populated\">\n\t\t\t\t\t\t<section class=\"elementor-section elementor-inner-section elementor-element elementor-element-30ed6342 elementor-section-boxed elementor-section-height-default elementor-section-height-default\" data-id=\"30ed6342\" data-element_type=\"section\" data-e-type=\"section\">\n\t\t\t\t\t\t<div class=\"elementor-container elementor-column-gap-extended\">\n\t\t\t\t\t<div class=\"elementor-column elementor-col-50 elementor-inner-column elementor-element elementor-element-2c1353f5\" data-id=\"2c1353f5\" data-element_type=\"column\" data-e-type=\"column\">\n\t\t\t<div class=\"elementor-widget-wrap elementor-element-populated\">\n\t\t\t\t\t\t<div class=\"elementor-element elementor-element-6ca57697 elementor-icon-list--layout-inline elementor-align-start elementor-tablet-align-center elementor-list-item-link-full_width elementor-widget elementor-widget-icon-list\" data-id=\"6ca57697\" data-element_type=\"widget\" data-e-type=\"widget\" data-widget_type=\"icon-list.default\">\n\t\t\t\t<div class=\"elementor-widget-container\">\n\t\t\t\t\t\t\t<ul class=\"elementor-icon-list-items elementor-inline-items\">\n\t\t\t\t\t\t\t<li class=\"elementor-icon-list-item elementor-inline-item\">\n\t\t\t\t\t\t\t\t\t\t\t<span class=\"elementor-icon-list-icon\">\n\t\t\t\t\t\t\t<svg aria-hidden=\"true\" class=\"e-font-icon-svg e-fas-square-full\" viewbox=\"0 0 512 512\" xmlns=\"http:\/\/www.w3.org\/2000\/svg\"><path d=\"M512 512H0V0h512v512z\"><\/path><\/svg>\t\t\t\t\t\t<\/span>\n\t\t\t\t\t\t\t\t\t\t<span class=\"elementor-icon-list-text\">D\u00e9coration<\/span>\n\t\t\t\t\t\t\t\t\t<\/li>\n\t\t\t\t\t\t<\/ul>\n\t\t\t\t\t\t<\/div>\n\t\t\t\t<\/div>\n\t\t\t\t<div class=\"elementor-element elementor-element-1cbf873f elementor-widget elementor-widget-heading\" data-id=\"1cbf873f\" data-element_type=\"widget\" data-e-type=\"widget\" data-widget_type=\"heading.default\">\n\t\t\t\t<div class=\"elementor-widget-container\">\n\t\t\t\t\t<h2 class=\"elementor-heading-title elementor-size-default\">Corps abrasifs pour des r\u00e9sultats parfaits \u2013 l\u00e0 o\u00f9 la pr\u00e9cision compte<\/h2>\t\t\t\t<\/div>\n\t\t\t\t<\/div>\n\t\t\t\t\t<\/div>\n\t\t<\/div>\n\t\t\t\t<div class=\"elementor-column elementor-col-50 elementor-inner-column elementor-element elementor-element-42e8f438\" data-id=\"42e8f438\" data-element_type=\"column\" data-e-type=\"column\">\n\t\t\t<div class=\"elementor-widget-wrap elementor-element-populated\">\n\t\t\t\t\t\t<div class=\"elementor-element elementor-element-5abdf356 elementor-widget elementor-widget-heading\" data-id=\"5abdf356\" data-element_type=\"widget\" data-e-type=\"widget\" data-widget_type=\"heading.default\">\n\t\t\t\t<div class=\"elementor-widget-container\">\n\t\t\t\t\t<div class=\"elementor-heading-title elementor-size-default\">Obtenez une finition parfaite m\u00eame dans les zones les plus difficiles gr\u00e2ce \u00e0 nos corps de meulage ! Nous offrons une large gamme d\u2019applications avec des mandrins adapt\u00e9s, garantissant que chaque d\u00e9tail de votre travail soit r\u00e9alis\u00e9 avec pr\u00e9cision.<\/div>\t\t\t\t<\/div>\n\t\t\t\t<\/div>\n\t\t\t\t\t<\/div>\n\t\t<\/div>\n\t\t\t\t\t<\/div>\n\t\t<\/section>\n\t\t\t\t<div class=\"elementor-element elementor-element-13d42748 elementor-widget-divider--view-line_icon elementor-view-default elementor-widget-divider--element-align-center elementor-widget elementor-widget-divider\" data-id=\"13d42748\" data-element_type=\"widget\" data-e-type=\"widget\" data-widget_type=\"divider.default\">\n\t\t\t\t<div class=\"elementor-widget-container\">\n\t\t\t\t\t\t\t<div class=\"elementor-divider\">\n\t\t\t<span class=\"elementor-divider-separator\">\n\t\t\t\t\t\t\t<div class=\"elementor-icon elementor-divider__element\">\n\t\t\t\t\t<svg xmlns=\"http:\/\/www.w3.org\/2000\/svg\" xmlns:xlink=\"http:\/\/www.w3.org\/1999\/xlink\" id=\"Capa_1\" x=\"0px\" y=\"0px\" viewbox=\"0 0 512 512\" style=\"enable-background:new 0 0 512 512;\" xml:space=\"preserve\"><g>\t<g>\t\t<path d=\"M250.956,382.77c-4.086-0.848-23.251,2.453-41.515-7.39c-3.649-1.967-8.197-0.602-10.163,3.044   c-1.965,3.647-0.602,8.196,3.044,10.163c1.556,0.838,3.116,1.6,4.679,2.293c-15.304,6.722-27.668,18.856-34.891,36.791   c-6.853-16.778-18.598-29.534-34.906-36.811c16.632-7.422,28.203-20.402,34.906-36.808c1.436,3.544,2.746,6.006,2.796,6.108   c1.882,3.689,6.402,5.153,10.092,3.271c3.69-1.883,5.154-6.401,3.271-10.092c-0.022-0.1-9.103-16.674-8.03-38.733   c0.613-4.135-2.285-8.245-6.704-9.058c-4.022-0.792-8.478,1.759-9.514,6.277c-0.536,2.341,3.344,42.848-26.052,61.642   c-19.137,12.208-40.863,8.414-44.911,9.332c-8.557,1.948-8.55,14.176,0,16.123c3.998,0.901,26.15-2.883,45.293,9.578   c28.428,18.522,25.291,57.953,25.481,59.719c0,9.249,13.217,11.331,16.134,2.307c0.987-3.073-3.164-42.18,24.905-61.4   c18.493-12.672,41.411-9.616,45.399-10.065C259.396,398.036,260.212,384.728,250.956,382.77z\"><\/path>\t<\/g><\/g><g>\t<g>\t\t<path d=\"M503.965,236.428c-13.713-1.523-111.464,12.208-154.185-77.488c-22.458-47.18-16.698-89.951-17.922-95.317   c-1.102-4.824-5.663-7.714-10.024-7.157c-4.973,0.563-8.272,4.681-8.272,8.827v19.464   c-3.389,66.912-33.839,123.872-97.781,143.921c-36.925,11.583-68.981,6.58-74.966,7.889c-9.598,2.178-9.67,15.963,0.102,18.134   c8.368,1.766,71.326-8.434,120.217,32.169c3.188,2.646,7.917,2.207,10.564-0.978c2.646-3.188,2.209-7.916-0.978-10.564   c-16.776-13.932-36.883-23.888-59.891-29.672c60.573-15.257,97.752-58.495,111.983-119.061   c14.112,60.195,50.984,103.816,112.208,118.997c-60.613,15.167-98.306,58.369-112.295,118.769   c-5.208-22.138-13.896-43.327-26.956-61.831c-2.389-3.385-7.069-4.192-10.454-1.804c-3.386,2.389-4.192,7.069-1.804,10.454   c4.604,6.522,8.747,13.629,12.319,21.124c21.189,44.516,17.445,89.806,17.752,94.175c0.791,11.16,18.999,11.722,18.429-2.077   c-1.029-24.872,0.9-109.129,68.956-149.111c45.923-26.952,97.009-19.079,103.828-20.613   C515.073,252.345,513.961,237.55,503.965,236.428z\"><\/path>\t<\/g><\/g><g>\t<g>\t\t<path d=\"M164.308,113.042c-5.079-1.053-45.121,6.036-63.009-30.052c-8.409-16.93-7.825-35.754-7.71-38.114   c0.602-4.085-2.234-8.238-6.711-9.055c-3.997-0.791-8.474,1.745-9.509,6.29c-0.534,2.33,3.343,42.837-26.05,61.631   c-18.466,11.78-40.018,8.737-44.08,9.19c-9.127,1.038-9.865,14.207-0.832,16.264c4.362,0.982,26.045-2.952,45.293,9.578   c20.514,13.364,24.777,37.908,25.482,51.479c0.097,7.756-0.246,8.658,0.363,10.548c1.121,3.469,4.29,5.798,7.884,5.798   c4.126,0.002,7.469-3.049,8.131-6.788c0.458-2.564-1.544-22.068,7.956-40.945c1.862-3.701,0.372-8.21-3.328-10.073   c-3.701-1.864-8.21-0.372-10.073,3.328c-0.948,1.885-1.829,3.84-2.642,5.856c-6.849-16.789-18.595-29.555-34.917-36.841   c16.631-7.425,28.201-20.402,34.904-36.809c6.699,16.527,18.176,29.448,34.878,36.835c-1.637,0.723-3.274,1.52-4.899,2.398   c-3.645,1.971-5,6.522-3.028,10.167c1.971,3.644,6.521,4.999,10.167,3.029c17.704-9.578,37.046-6.973,41.043-7.418   C172.796,128.286,173.492,114.985,164.308,113.042z\"><\/path>\t<\/g><\/g><g><\/g><g><\/g><g><\/g><g><\/g><g><\/g><g><\/g><g><\/g><g><\/g><g><\/g><g><\/g><g><\/g><g><\/g><g><\/g><g><\/g><g><\/g><\/svg><\/div>\n\t\t\t\t\t\t<\/span>\n\t\t<\/div>\n\t\t\t\t\t\t<\/div>\n\t\t\t\t<\/div>\n\t\t\t\t<div class=\"elementor-element elementor-element-395818c elementor-cta--layout-image-above elementor-widget__width-initial elementor-widget-mobile__width-inherit elementor-cta--skin-classic elementor-animated-content elementor-bg-transform elementor-bg-transform-zoom-in elementor-invisible elementor-widget elementor-widget-call-to-action\" data-id=\"395818c\" data-element_type=\"widget\" data-e-type=\"widget\" data-settings=\"{&quot;_animation&quot;:&quot;fadeInUp&quot;}\" data-widget_type=\"call-to-action.default\">\n\t\t\t\t<div class=\"elementor-widget-container\">\n\t\t\t\t\t\t\t<a class=\"elementor-cta\" href=\"https:\/\/etter-abrasives.ch\/fr\/schleifkorper-pins\/\">\n\t\t\t\t\t<div class=\"elementor-cta__bg-wrapper\">\n\t\t\t\t<div class=\"elementor-cta__bg elementor-bg\" style=\"background-image: url(https:\/\/etter-abrasives.ch\/wp-content\/uploads\/2024\/10\/dsc-0045___media_library_original_692_458-1.jpg);\" role=\"img\" aria-label=\"dsc-0045___media_library_original_692_458\"><\/div>\n\t\t\t\t<div class=\"elementor-cta__bg-overlay\"><\/div>\n\t\t\t<\/div>\n\t\t\t\t\t\t\t<div class=\"elementor-cta__content\">\n\t\t\t\t\t\t\t\t\t<div class=\"elementor-content-item elementor-cta__content-item elementor-icon-wrapper elementor-cta__icon elementor-view-stacked elementor-shape-square\">\n\t\t\t\t\t\t<div class=\"elementor-icon\">\n\t\t\t\t\t\t\t<svg xmlns=\"http:\/\/www.w3.org\/2000\/svg\" xmlns:xlink=\"http:\/\/www.w3.org\/1999\/xlink\" id=\"Capa_1\" x=\"0px\" y=\"0px\" viewbox=\"0 0 512 512\" style=\"enable-background:new 0 0 512 512;\" xml:space=\"preserve\"><g>\t<g>\t\t<path d=\"M250.956,382.77c-4.086-0.848-23.251,2.453-41.515-7.39c-3.649-1.967-8.197-0.602-10.163,3.044   c-1.965,3.647-0.602,8.196,3.044,10.163c1.556,0.838,3.116,1.6,4.679,2.293c-15.304,6.722-27.668,18.856-34.891,36.791   c-6.853-16.778-18.598-29.534-34.906-36.811c16.632-7.422,28.203-20.402,34.906-36.808c1.436,3.544,2.746,6.006,2.796,6.108   c1.882,3.689,6.402,5.153,10.092,3.271c3.69-1.883,5.154-6.401,3.271-10.092c-0.022-0.1-9.103-16.674-8.03-38.733   c0.613-4.135-2.285-8.245-6.704-9.058c-4.022-0.792-8.478,1.759-9.514,6.277c-0.536,2.341,3.344,42.848-26.052,61.642   c-19.137,12.208-40.863,8.414-44.911,9.332c-8.557,1.948-8.55,14.176,0,16.123c3.998,0.901,26.15-2.883,45.293,9.578   c28.428,18.522,25.291,57.953,25.481,59.719c0,9.249,13.217,11.331,16.134,2.307c0.987-3.073-3.164-42.18,24.905-61.4   c18.493-12.672,41.411-9.616,45.399-10.065C259.396,398.036,260.212,384.728,250.956,382.77z\"><\/path>\t<\/g><\/g><g>\t<g>\t\t<path d=\"M503.965,236.428c-13.713-1.523-111.464,12.208-154.185-77.488c-22.458-47.18-16.698-89.951-17.922-95.317   c-1.102-4.824-5.663-7.714-10.024-7.157c-4.973,0.563-8.272,4.681-8.272,8.827v19.464   c-3.389,66.912-33.839,123.872-97.781,143.921c-36.925,11.583-68.981,6.58-74.966,7.889c-9.598,2.178-9.67,15.963,0.102,18.134   c8.368,1.766,71.326-8.434,120.217,32.169c3.188,2.646,7.917,2.207,10.564-0.978c2.646-3.188,2.209-7.916-0.978-10.564   c-16.776-13.932-36.883-23.888-59.891-29.672c60.573-15.257,97.752-58.495,111.983-119.061   c14.112,60.195,50.984,103.816,112.208,118.997c-60.613,15.167-98.306,58.369-112.295,118.769   c-5.208-22.138-13.896-43.327-26.956-61.831c-2.389-3.385-7.069-4.192-10.454-1.804c-3.386,2.389-4.192,7.069-1.804,10.454   c4.604,6.522,8.747,13.629,12.319,21.124c21.189,44.516,17.445,89.806,17.752,94.175c0.791,11.16,18.999,11.722,18.429-2.077   c-1.029-24.872,0.9-109.129,68.956-149.111c45.923-26.952,97.009-19.079,103.828-20.613   C515.073,252.345,513.961,237.55,503.965,236.428z\"><\/path>\t<\/g><\/g><g>\t<g>\t\t<path d=\"M164.308,113.042c-5.079-1.053-45.121,6.036-63.009-30.052c-8.409-16.93-7.825-35.754-7.71-38.114   c0.602-4.085-2.234-8.238-6.711-9.055c-3.997-0.791-8.474,1.745-9.509,6.29c-0.534,2.33,3.343,42.837-26.05,61.631   c-18.466,11.78-40.018,8.737-44.08,9.19c-9.127,1.038-9.865,14.207-0.832,16.264c4.362,0.982,26.045-2.952,45.293,9.578   c20.514,13.364,24.777,37.908,25.482,51.479c0.097,7.756-0.246,8.658,0.363,10.548c1.121,3.469,4.29,5.798,7.884,5.798   c4.126,0.002,7.469-3.049,8.131-6.788c0.458-2.564-1.544-22.068,7.956-40.945c1.862-3.701,0.372-8.21-3.328-10.073   c-3.701-1.864-8.21-0.372-10.073,3.328c-0.948,1.885-1.829,3.84-2.642,5.856c-6.849-16.789-18.595-29.555-34.917-36.841   c16.631-7.425,28.201-20.402,34.904-36.809c6.699,16.527,18.176,29.448,34.878,36.835c-1.637,0.723-3.274,1.52-4.899,2.398   c-3.645,1.971-5,6.522-3.028,10.167c1.971,3.644,6.521,4.999,10.167,3.029c17.704-9.578,37.046-6.973,41.043-7.418   C172.796,128.286,173.492,114.985,164.308,113.042z\"><\/path>\t<\/g><\/g><g><\/g><g><\/g><g><\/g><g><\/g><g><\/g><g><\/g><g><\/g><g><\/g><g><\/g><g><\/g><g><\/g><g><\/g><g><\/g><g><\/g><g><\/g><\/svg>\t\t\t\t\t\t<\/div>\n\t\t\t\t\t<\/div>\n\t\t\t\t\n\t\t\t\t\t\t\t\t\t<h3 class=\"elementor-cta__title elementor-cta__content-item elementor-content-item\">\n\t\t\t\t\t\tCorps de meulage \/ broches\t\t\t\t\t<\/h3>\n\t\t\t\t\n\t\t\t\t\t\t\t\t\t<div class=\"elementor-cta__description elementor-cta__content-item elementor-content-item\">\n\t\t\t\t\t\tPour le polissage des zones difficiles d\u2019acc\u00e8s \/ Utilisation avec le mandrin appropri\u00e9 \/ Diff\u00e9rents grains, diam\u00e8tres et liants\t\t\t\t\t<\/div>\n\t\t\t\t\n\t\t\t\t\t\t\t\t\t<div class=\"elementor-cta__button-wrapper elementor-cta__content-item elementor-content-item\">\n\t\t\t\t\t<span class=\"elementor-cta__button elementor-button elementor-size-xs\">\n\t\t\t\t\t\tPlus d\u2019informations\t\t\t\t\t<\/span>\n\t\t\t\t\t<\/div>\n\t\t\t\t\t\t\t<\/div>\n\t\t\t\t\t\t<\/a>\n\t\t\t\t\t\t<\/div>\n\t\t\t\t<\/div>\n\t\t\t\t<div class=\"elementor-element elementor-element-416c50e4 elementor-align-center elementor-widget__width-initial elementor-mobile-align-justify elementor-widget-mobile__width-inherit animated-slow elementor-invisible elementor-widget elementor-widget-button\" data-id=\"416c50e4\" data-element_type=\"widget\" data-e-type=\"widget\" data-settings=\"{&quot;_animation&quot;:&quot;fadeInUp&quot;,&quot;_animation_delay&quot;:100}\" data-widget_type=\"button.default\">\n\t\t\t\t<div class=\"elementor-widget-container\">\n\t\t\t\t\t\t\t\t\t<div class=\"elementor-button-wrapper\">\n\t\t\t\t\t<a class=\"elementor-button elementor-button-link elementor-size-sm\" href=\"https:\/\/etter-abrasives.ch\/fr\/kontakt\/\">\n\t\t\t\t\t\t<span class=\"elementor-button-content-wrapper\">\n\t\t\t\t\t\t\t\t\t<span class=\"elementor-button-text\">Contactez-nous d\u00e8s maintenant<\/span>\n\t\t\t\t\t<\/span>\n\t\t\t\t\t<\/a>\n\t\t\t\t<\/div>\n\t\t\t\t\t\t\t\t<\/div>\n\t\t\t\t<\/div>\n\t\t\t\t<div class=\"elementor-element elementor-element-1e96ebc3 elementor-align-center elementor-widget__width-initial elementor-mobile-align-center elementor-widget-mobile__width-inherit animated-slow elementor-icon-list--layout-traditional elementor-list-item-link-full_width elementor-invisible elementor-widget elementor-widget-icon-list\" data-id=\"1e96ebc3\" data-element_type=\"widget\" data-e-type=\"widget\" data-settings=\"{&quot;_animation&quot;:&quot;fadeInUp&quot;}\" data-widget_type=\"icon-list.default\">\n\t\t\t\t<div class=\"elementor-widget-container\">\n\t\t\t\t\t\t\t<ul class=\"elementor-icon-list-items\">\n\t\t\t\t\t\t\t<li class=\"elementor-icon-list-item\">\n\t\t\t\t\t\t\t\t\t\t\t<a href=\"#\">\n\n\t\t\t\t\t\t\t\t\t\t\t\t<span class=\"elementor-icon-list-icon\">\n\t\t\t\t\t\t\t<svg aria-hidden=\"true\" class=\"e-font-icon-svg e-fas-phone\" viewbox=\"0 0 512 512\" xmlns=\"http:\/\/www.w3.org\/2000\/svg\"><path d=\"M493.4 24.6l-104-24c-11.3-2.6-22.9 3.3-27.5 13.9l-48 112c-4.2 9.8-1.4 21.3 6.9 28l60.6 49.6c-36 76.7-98.9 140.5-177.2 177.2l-49.6-60.6c-6.8-8.3-18.2-11.1-28-6.9l-112 48C3.9 366.5-2 378.1.6 389.4l24 104C27.1 504.2 36.7 512 48 512c256.1 0 464-207.5 464-464 0-11.2-7.7-20.9-18.6-23.4z\"><\/path><\/svg>\t\t\t\t\t\t<\/span>\n\t\t\t\t\t\t\t\t\t\t<span class=\"elementor-icon-list-text\">+41 32 652 97 32<\/span>\n\t\t\t\t\t\t\t\t\t\t\t<\/a>\n\t\t\t\t\t\t\t\t\t<\/li>\n\t\t\t\t\t\t<\/ul>\n\t\t\t\t\t\t<\/div>\n\t\t\t\t<\/div>\n\t\t\t\t\t<\/div>\n\t\t<\/div>\n\t\t\t\t\t<\/div>\n\t\t<\/section>\n\t\t\t\t<\/div>","protected":false},"excerpt":{"rendered":"<p>Dekoration Schleifk\u00f6rper f\u00fcr makellose Ergebnisse \u2013 \u00fcberall dort, wo Pr\u00e4zision z\u00e4hlt Erzielen Sie mit unseren Schleifk\u00f6rpern auch an den schwierigsten [&hellip;]<\/p>\n","protected":false},"author":1,"featured_media":0,"parent":0,"menu_order":0,"comment_status":"closed","ping_status":"closed","template":"","meta":{"_monsterinsights_skip_tracking":false,"_monsterinsights_sitenote_active":false,"_monsterinsights_sitenote_note":"","_monsterinsights_sitenote_category":0,"_uf_show_specific_survey":0,"_uf_disable_surveys":false,"site-sidebar-layout":"no-sidebar","site-content-layout":"","ast-site-content-layout":"full-width-container","site-content-style":"default","site-sidebar-style":"default","ast-global-header-display":"","ast-banner-title-visibility":"","ast-main-header-display":"","ast-hfb-above-header-display":"","ast-hfb-below-header-display":"","ast-hfb-mobile-header-display":"","site-post-title":"disabled","ast-breadcrumbs-content":"","ast-featured-img":"disabled","footer-sml-layout":"","ast-disable-related-posts":"","theme-transparent-header-meta":"","adv-header-id-meta":"","stick-header-meta":"","header-above-stick-meta":"","header-main-stick-meta":"","header-below-stick-meta":"","astra-migrate-meta-layouts":"default","ast-page-background-enabled":"default","ast-page-background-meta":{"desktop":{"background-color":"var(--ast-global-color-4)","background-image":"","background-repeat":"repeat","background-position":"center center","background-size":"auto","background-attachment":"scroll","background-type":"","background-media":"","overlay-type":"","overlay-color":"","overlay-opacity":"","overlay-gradient":""},"tablet":{"background-color":"","background-image":"","background-repeat":"repeat","background-position":"center center","background-size":"auto","background-attachment":"scroll","background-type":"","background-media":"","overlay-type":"","overlay-color":"","overlay-opacity":"","overlay-gradient":""},"mobile":{"background-color":"","background-image":"","background-repeat":"repeat","background-position":"center center","background-size":"auto","background-attachment":"scroll","background-type":"","background-media":"","overlay-type":"","overlay-color":"","overlay-opacity":"","overlay-gradient":""}},"ast-content-background-meta":{"desktop":{"background-color":"var(--ast-global-color-5)","background-image":"","background-repeat":"repeat","background-position":"center center","background-size":"auto","background-attachment":"scroll","background-type":"","background-media":"","overlay-type":"","overlay-color":"","overlay-opacity":"","overlay-gradient":""},"tablet":{"background-color":"var(--ast-global-color-5)","background-image":"","background-repeat":"repeat","background-position":"center center","background-size":"auto","background-attachment":"scroll","background-type":"","background-media":"","overlay-type":"","overlay-color":"","overlay-opacity":"","overlay-gradient":""},"mobile":{"background-color":"var(--ast-global-color-5)","background-image":"","background-repeat":"repeat","background-position":"center center","background-size":"auto","background-attachment":"scroll","background-type":"","background-media":"","overlay-type":"","overlay-color":"","overlay-opacity":"","overlay-gradient":""}},"footnotes":""},"class_list":["post-258","page","type-page","status-publish","hentry"],"aioseo_notices":[],"_links":{"self":[{"href":"https:\/\/etter-abrasives.ch\/fr\/wp-json\/wp\/v2\/pages\/258","targetHints":{"allow":["GET"]}}],"collection":[{"href":"https:\/\/etter-abrasives.ch\/fr\/wp-json\/wp\/v2\/pages"}],"about":[{"href":"https:\/\/etter-abrasives.ch\/fr\/wp-json\/wp\/v2\/types\/page"}],"author":[{"embeddable":true,"href":"https:\/\/etter-abrasives.ch\/fr\/wp-json\/wp\/v2\/users\/1"}],"replies":[{"embeddable":true,"href":"https:\/\/etter-abrasives.ch\/fr\/wp-json\/wp\/v2\/comments?post=258"}],"version-history":[{"count":7,"href":"https:\/\/etter-abrasives.ch\/fr\/wp-json\/wp\/v2\/pages\/258\/revisions"}],"predecessor-version":[{"id":1575,"href":"https:\/\/etter-abrasives.ch\/fr\/wp-json\/wp\/v2\/pages\/258\/revisions\/1575"}],"wp:attachment":[{"href":"https:\/\/etter-abrasives.ch\/fr\/wp-json\/wp\/v2\/media?parent=258"}],"curies":[{"name":"wp","href":"https:\/\/api.w.org\/{rel}","templated":true}]}}