{"id":1194,"date":"2024-10-23T11:33:28","date_gmt":"2024-10-23T11:33:28","guid":{"rendered":"https:\/\/etter-abrasives.ch\/?page_id=1194"},"modified":"2025-10-27T13:45:17","modified_gmt":"2025-10-27T13:45:17","slug":"3m-premiumpartner","status":"publish","type":"page","link":"https:\/\/etter-abrasives.ch\/fr\/3m-premiumpartner\/","title":{"rendered":"3M Premiumpartner"},"content":{"rendered":"<div data-elementor-type=\"wp-page\" data-elementor-id=\"1194\" class=\"elementor elementor-1194\" data-elementor-post-type=\"page\">\n\t\t\t\t\t\t<section class=\"elementor-section elementor-top-section elementor-element elementor-element-7048f8f6 elementor-section-boxed elementor-section-height-default elementor-section-height-default\" data-id=\"7048f8f6\" data-element_type=\"section\" data-e-type=\"section\" data-settings=\"{&quot;background_background&quot;:&quot;classic&quot;}\">\n\t\t\t\t\t\t\t<div class=\"elementor-background-overlay\"><\/div>\n\t\t\t\t\t\t\t<div class=\"elementor-container elementor-column-gap-default\">\n\t\t\t\t\t<div class=\"elementor-column elementor-col-100 elementor-top-column elementor-element elementor-element-56b84750\" data-id=\"56b84750\" data-element_type=\"column\" data-e-type=\"column\">\n\t\t\t<div class=\"elementor-widget-wrap elementor-element-populated\">\n\t\t\t\t\t\t<div class=\"elementor-element elementor-element-1933e2dd elementor-widget elementor-widget-heading\" data-id=\"1933e2dd\" data-element_type=\"widget\" data-e-type=\"widget\" data-widget_type=\"heading.default\">\n\t\t\t\t<div class=\"elementor-widget-container\">\n\t\t\t\t\t<h1 class=\"elementor-heading-title elementor-size-default\">3M Premiumpartner<\/h1>\t\t\t\t<\/div>\n\t\t\t\t<\/div>\n\t\t\t\t\t<\/div>\n\t\t<\/div>\n\t\t\t\t\t<\/div>\n\t\t<\/section>\n\t\t\t\t<section class=\"elementor-section elementor-top-section elementor-element elementor-element-71a9f6a8 elementor-section-boxed elementor-section-height-default elementor-section-height-default\" data-id=\"71a9f6a8\" data-element_type=\"section\" data-e-type=\"section\">\n\t\t\t\t\t\t<div class=\"elementor-container elementor-column-gap-no\">\n\t\t\t\t\t<div class=\"elementor-column elementor-col-50 elementor-top-column elementor-element elementor-element-1ac1bbc5\" data-id=\"1ac1bbc5\" data-element_type=\"column\" data-e-type=\"column\">\n\t\t\t<div class=\"elementor-widget-wrap elementor-element-populated\">\n\t\t\t\t\t\t<div class=\"elementor-element elementor-element-4e32b4e8 elementor-widget elementor-widget-heading\" data-id=\"4e32b4e8\" data-element_type=\"widget\" data-e-type=\"widget\" data-widget_type=\"heading.default\">\n\t\t\t\t<div class=\"elementor-widget-container\">\n\t\t\t\t\t<h2 class=\"elementor-heading-title elementor-size-default\">Histoire de 3M<\/h2>\t\t\t\t<\/div>\n\t\t\t\t<\/div>\n\t\t\t\t<div class=\"elementor-element elementor-element-f6c8cc0 elementor-widget elementor-widget-image\" data-id=\"f6c8cc0\" data-element_type=\"widget\" data-e-type=\"widget\" data-widget_type=\"image.default\">\n\t\t\t\t<div class=\"elementor-widget-container\">\n\t\t\t\t\t\t\t\t\t\t\t\t\t\t\t<img fetchpriority=\"high\" decoding=\"async\" width=\"1024\" height=\"538\" src=\"https:\/\/etter-abrasives.ch\/wp-content\/uploads\/2025\/07\/Trifecta_3M_001_Logo_CMYK.eps_-1024x538.jpg\" class=\"attachment-large size-large wp-image-1512\" alt=\"\" srcset=\"https:\/\/etter-abrasives.ch\/wp-content\/uploads\/2025\/07\/Trifecta_3M_001_Logo_CMYK.eps_-1024x538.jpg 1024w, https:\/\/etter-abrasives.ch\/wp-content\/uploads\/2025\/07\/Trifecta_3M_001_Logo_CMYK.eps_-300x158.jpg 300w, https:\/\/etter-abrasives.ch\/wp-content\/uploads\/2025\/07\/Trifecta_3M_001_Logo_CMYK.eps_-768x403.jpg 768w, https:\/\/etter-abrasives.ch\/wp-content\/uploads\/2025\/07\/Trifecta_3M_001_Logo_CMYK.eps_-1536x807.jpg 1536w, https:\/\/etter-abrasives.ch\/wp-content\/uploads\/2025\/07\/Trifecta_3M_001_Logo_CMYK.eps_-2048x1076.jpg 2048w\" sizes=\"(max-width: 1024px) 100vw, 1024px\" \/>\t\t\t\t\t\t\t\t\t\t\t\t\t\t\t<\/div>\n\t\t\t\t<\/div>\n\t\t\t\t\t<\/div>\n\t\t<\/div>\n\t\t\t\t<div class=\"elementor-column elementor-col-50 elementor-top-column elementor-element elementor-element-79b68101\" data-id=\"79b68101\" data-element_type=\"column\" data-e-type=\"column\">\n\t\t\t<div class=\"elementor-widget-wrap elementor-element-populated\">\n\t\t\t\t\t\t<div class=\"elementor-element elementor-element-7664c04a elementor-widget__width-initial elementor-widget elementor-widget-heading\" data-id=\"7664c04a\" data-element_type=\"widget\" data-e-type=\"widget\" data-widget_type=\"heading.default\">\n\t\t\t\t<div class=\"elementor-widget-container\">\n\t\t\t\t\t<p class=\"elementor-heading-title elementor-size-default\">Ici, notre histoire inspire votre avenir.\nIl y a plus d\u2019un si\u00e8cle, 3M a commenc\u00e9 comme une petite entreprise mini\u00e8re dans le nord du Minnesota, alors connue sous le nom de Minnesota Mining and Manufacturing Company. Aujourd\u2019hui, nous sommes une puissance mondiale dont les produits am\u00e9liorent la vie quotidienne des gens dans le monde entier.\nMais notre succ\u00e8s et notre long\u00e9vit\u00e9 n\u2019\u00e9taient pas \u00e9vidents d\u00e8s le d\u00e9part. Nous avons essay\u00e9. Nous avons \u00e9chou\u00e9. Nous avons essay\u00e9 quelque chose de nouveau. Nous avons r\u00e9p\u00e9t\u00e9 le cycle. L\u2019innovation et la pers\u00e9v\u00e9rance \u00e9taient les moteurs de nos fondateurs et restent aujourd\u2019hui les moteurs des employ\u00e9s de 3M.<\/p>\t\t\t\t<\/div>\n\t\t\t\t<\/div>\n\t\t\t\t<div class=\"elementor-element elementor-element-025bf6d elementor-widget elementor-widget-button\" data-id=\"025bf6d\" data-element_type=\"widget\" data-e-type=\"widget\" data-widget_type=\"button.default\">\n\t\t\t\t<div class=\"elementor-widget-container\">\n\t\t\t\t\t\t\t\t\t<div class=\"elementor-button-wrapper\">\n\t\t\t\t\t<a class=\"elementor-button elementor-button-link elementor-size-sm\" href=\"https:\/\/www.3m.com\/3M\/en_US\/p\/\" target=\"_blank\">\n\t\t\t\t\t\t<span class=\"elementor-button-content-wrapper\">\n\t\t\t\t\t\t\t\t\t<span class=\"elementor-button-text\">En ligne<\/span>\n\t\t\t\t\t<\/span>\n\t\t\t\t\t<\/a>\n\t\t\t\t<\/div>\n\t\t\t\t\t\t\t\t<\/div>\n\t\t\t\t<\/div>\n\t\t\t\t\t<\/div>\n\t\t<\/div>\n\t\t\t\t\t<\/div>\n\t\t<\/section>\n\t\t\t\t<section class=\"elementor-section elementor-top-section elementor-element elementor-element-457a968e elementor-section-content-middle elementor-section-boxed elementor-section-height-default elementor-section-height-default\" data-id=\"457a968e\" data-element_type=\"section\" data-e-type=\"section\" data-settings=\"{&quot;background_background&quot;:&quot;classic&quot;}\">\n\t\t\t\t\t\t\t<div class=\"elementor-background-overlay\"><\/div>\n\t\t\t\t\t\t\t<div class=\"elementor-container elementor-column-gap-no\">\n\t\t\t\t\t<div class=\"elementor-column elementor-col-100 elementor-top-column elementor-element elementor-element-ff8ed21\" data-id=\"ff8ed21\" data-element_type=\"column\" data-e-type=\"column\">\n\t\t\t<div class=\"elementor-widget-wrap elementor-element-populated\">\n\t\t\t\t\t\t<div class=\"elementor-element elementor-element-57db18e elementor-widget elementor-widget-heading\" data-id=\"57db18e\" data-element_type=\"widget\" data-e-type=\"widget\" data-widget_type=\"heading.default\">\n\t\t\t\t<div class=\"elementor-widget-container\">\n\t\t\t\t\t<h2 class=\"elementor-heading-title elementor-size-default\">Des d\u00e9buts modestes au Fortune 500<\/h2>\t\t\t\t<\/div>\n\t\t\t\t<\/div>\n\t\t\t\t<div class=\"elementor-element elementor-element-978fc14 elementor-widget elementor-widget-text-editor\" data-id=\"978fc14\" data-element_type=\"widget\" data-e-type=\"widget\" data-widget_type=\"text-editor.default\">\n\t\t\t\t<div class=\"elementor-widget-container\">\n\t\t\t\t\t\t\t\t\t<p><b><em>3M<\/em><\/b> utilise la science et l\u2019innovation pour avoir un v\u00e9ritable impact, en favorisant le progr\u00e8s et en inspirant des innovations dans la vie et au sein des communaut\u00e9s du monde entier.<\/p><p>Lorsque 3M a \u00e9t\u00e9 fond\u00e9e en 1902, nos cinq fondateurs avaient un objectif simple : exploiter le corindon, un min\u00e9ral id\u00e9al pour fabriquer du papier de verre et des meules. Il s\u2019av\u00e9ra que ce qu\u2019ils prenaient pour du corindon \u00e9tait en r\u00e9alit\u00e9 un autre min\u00e9ral de moindre qualit\u00e9 appel\u00e9 anorthosite.<\/p><p>La d\u00e9couverte du min\u00e9ral de moindre qualit\u00e9 aurait pu signifier la fin pr\u00e9coce de notre jeune entreprise, mais nos fondateurs sont rest\u00e9s pers\u00e9v\u00e9rants. Et pourquoi ? Parce que, d\u00e8s cette premi\u00e8re ann\u00e9e, quelque chose de bien plus important est n\u00e9 : l\u2019esprit d\u2019innovation et de collaboration qui constitue aujourd\u2019hui la base de 3M. Au lieu d\u2019abandonner, nous nous sommes tourn\u00e9s vers d\u2019autres mat\u00e9riaux, les avons appliqu\u00e9s \u00e0 d\u2019autres produits, avons gagn\u00e9 la confiance d\u2019investisseurs cl\u00e9s et avons progressivement d\u00e9velopp\u00e9 notre chiffre d\u2019affaires.<\/p><p>Les innovations scientifiques, techniques et marketing ont apport\u00e9, au fil des ann\u00e9es, un succ\u00e8s apr\u00e8s l\u2019autre, faisant finalement de 3M un acteur majeur dans le <a href=\"http:\/\/fortune.com\/fortune500\/3m\/\">Liste Fortune 500<\/a>. Aujourd\u2019hui, plus de 60 000 produits 3M sont utilis\u00e9s dans les foyers, les entreprises, les \u00e9coles, les h\u00f4pitaux et d\u2019autres secteurs. Un tiers de notre chiffre d\u2019affaires provient de produits invent\u00e9s au cours des cinq derni\u00e8res ann\u00e9es, gr\u00e2ce aux innovations de milliers de chercheurs et scientifiques que nous employons dans le monde entier.<\/p><p>Avec des filiales dans 70 pays et des ventes dans 200 pays, nous nous engageons \u00e0 d\u00e9velopper des technologies et des produits qui font progresser chaque entreprise, embellissent chaque foyer et am\u00e9liorent chaque vie.<\/p>\t\t\t\t\t\t\t\t<\/div>\n\t\t\t\t<\/div>\n\t\t\t\t\t<\/div>\n\t\t<\/div>\n\t\t\t\t\t<\/div>\n\t\t<\/section>\n\t\t<div class=\"elementor-element elementor-element-9d18e98 e-flex e-con-boxed e-con e-parent\" data-id=\"9d18e98\" data-element_type=\"container\" data-e-type=\"container\">\n\t\t\t\t\t<div class=\"e-con-inner\">\n\t\t\t\t<div class=\"elementor-element elementor-element-d3e37fa elementor-widget elementor-widget-spacer\" data-id=\"d3e37fa\" data-element_type=\"widget\" data-e-type=\"widget\" data-widget_type=\"spacer.default\">\n\t\t\t\t<div class=\"elementor-widget-container\">\n\t\t\t\t\t\t\t<div class=\"elementor-spacer\">\n\t\t\t<div class=\"elementor-spacer-inner\"><\/div>\n\t\t<\/div>\n\t\t\t\t\t\t<\/div>\n\t\t\t\t<\/div>\n\t\t\t\t\t<\/div>\n\t\t\t\t<\/div>\n\t\t\t\t<\/div>","protected":false},"excerpt":{"rendered":"<p>3M Geschichte Hier inspiriert unsere Geschichte Ihre Zukunft. Vor mehr als einem Jahrhundert begann 3M als kleines Bergbauunternehmen im Norden [&hellip;]<\/p>\n","protected":false},"author":1,"featured_media":0,"parent":0,"menu_order":0,"comment_status":"closed","ping_status":"closed","template":"","meta":{"_monsterinsights_skip_tracking":false,"_monsterinsights_sitenote_active":false,"_monsterinsights_sitenote_note":"","_monsterinsights_sitenote_category":0,"_uf_show_specific_survey":0,"_uf_disable_surveys":false,"site-sidebar-layout":"no-sidebar","site-content-layout":"","ast-site-content-layout":"full-width-container","site-content-style":"default","site-sidebar-style":"default","ast-global-header-display":"disabled","ast-banner-title-visibility":"","ast-main-header-display":"","ast-hfb-above-header-display":"","ast-hfb-below-header-display":"","ast-hfb-mobile-header-display":"","site-post-title":"disabled","ast-breadcrumbs-content":"","ast-featured-img":"disabled","footer-sml-layout":"disabled","ast-disable-related-posts":"","theme-transparent-header-meta":"","adv-header-id-meta":"","stick-header-meta":"","header-above-stick-meta":"","header-main-stick-meta":"","header-below-stick-meta":"","astra-migrate-meta-layouts":"default","ast-page-background-enabled":"default","ast-page-background-meta":{"desktop":{"background-color":"var(--ast-global-color-4)","background-image":"","background-repeat":"repeat","background-position":"center center","background-size":"auto","background-attachment":"scroll","background-type":"","background-media":"","overlay-type":"","overlay-color":"","overlay-opacity":"","overlay-gradient":""},"tablet":{"background-color":"","background-image":"","background-repeat":"repeat","background-position":"center center","background-size":"auto","background-attachment":"scroll","background-type":"","background-media":"","overlay-type":"","overlay-color":"","overlay-opacity":"","overlay-gradient":""},"mobile":{"background-color":"","background-image":"","background-repeat":"repeat","background-position":"center center","background-size":"auto","background-attachment":"scroll","background-type":"","background-media":"","overlay-type":"","overlay-color":"","overlay-opacity":"","overlay-gradient":""}},"ast-content-background-meta":{"desktop":{"background-color":"var(--ast-global-color-5)","background-image":"","background-repeat":"repeat","background-position":"center center","background-size":"auto","background-attachment":"scroll","background-type":"","background-media":"","overlay-type":"","overlay-color":"","overlay-opacity":"","overlay-gradient":""},"tablet":{"background-color":"var(--ast-global-color-5)","background-image":"","background-repeat":"repeat","background-position":"center center","background-size":"auto","background-attachment":"scroll","background-type":"","background-media":"","overlay-type":"","overlay-color":"","overlay-opacity":"","overlay-gradient":""},"mobile":{"background-color":"var(--ast-global-color-5)","background-image":"","background-repeat":"repeat","background-position":"center center","background-size":"auto","background-attachment":"scroll","background-type":"","background-media":"","overlay-type":"","overlay-color":"","overlay-opacity":"","overlay-gradient":""}},"footnotes":""},"class_list":["post-1194","page","type-page","status-publish","hentry"],"aioseo_notices":[],"_links":{"self":[{"href":"https:\/\/etter-abrasives.ch\/fr\/wp-json\/wp\/v2\/pages\/1194","targetHints":{"allow":["GET"]}}],"collection":[{"href":"https:\/\/etter-abrasives.ch\/fr\/wp-json\/wp\/v2\/pages"}],"about":[{"href":"https:\/\/etter-abrasives.ch\/fr\/wp-json\/wp\/v2\/types\/page"}],"author":[{"embeddable":true,"href":"https:\/\/etter-abrasives.ch\/fr\/wp-json\/wp\/v2\/users\/1"}],"replies":[{"embeddable":true,"href":"https:\/\/etter-abrasives.ch\/fr\/wp-json\/wp\/v2\/comments?post=1194"}],"version-history":[{"count":19,"href":"https:\/\/etter-abrasives.ch\/fr\/wp-json\/wp\/v2\/pages\/1194\/revisions"}],"predecessor-version":[{"id":1555,"href":"https:\/\/etter-abrasives.ch\/fr\/wp-json\/wp\/v2\/pages\/1194\/revisions\/1555"}],"wp:attachment":[{"href":"https:\/\/etter-abrasives.ch\/fr\/wp-json\/wp\/v2\/media?parent=1194"}],"curies":[{"name":"wp","href":"https:\/\/api.w.org\/{rel}","templated":true}]}}